{"id":8726,"date":"2026-02-17T11:52:11","date_gmt":"2026-02-17T17:52:11","guid":{"rendered":"https:\/\/ente.mx\/projects\/retail\/"},"modified":"2026-02-17T12:01:53","modified_gmt":"2026-02-17T18:01:53","slug":"retail","status":"publish","type":"page","link":"https:\/\/ente.mx\/en\/projects\/retail\/","title":{"rendered":"Retail"},"content":{"rendered":"\t\t<div data-elementor-type=\"wp-page\" data-elementor-id=\"8726\" class=\"elementor elementor-8726 elementor-8724\" data-elementor-post-type=\"page\">\n\t\t\t\t<div class=\"elementor-element elementor-element-ffcb3ca e-con-full e-flex e-con e-parent\" data-id=\"ffcb3ca\" data-element_type=\"container\" data-e-type=\"container\">\n\t\t<div class=\"elementor-element elementor-element-57e023c e-con-full e-flex e-con e-child\" data-id=\"57e023c\" data-element_type=\"container\" data-e-type=\"container\">\n\t\t<div class=\"elementor-element elementor-element-65a84cf e-con-full e-flex e-con e-child\" data-id=\"65a84cf\" data-element_type=\"container\" data-e-type=\"container\" data-settings=\"{&quot;background_background&quot;:&quot;classic&quot;}\">\n\t\t\t\t<div class=\"elementor-element elementor-element-774f597 elementor-widget elementor-widget-heading\" data-id=\"774f597\" data-element_type=\"widget\" data-e-type=\"widget\" data-widget_type=\"heading.default\">\n\t\t\t\t\t<div class=\"elementor-heading-title elementor-size-default\">Retail<\/div>\t\t\t\t<\/div>\n\t\t\t\t<div class=\"elementor-element elementor-element-ee0438b elementor-widget elementor-widget-woocommerce-breadcrumb\" data-id=\"ee0438b\" data-element_type=\"widget\" data-e-type=\"widget\" data-widget_type=\"woocommerce-breadcrumb.default\">\n\t\t\t\t\t<nav class=\"woocommerce-breadcrumb breadcrumbs\">Home<\/nav>\t\t\t\t<\/div>\n\t\t\t\t<\/div>\n\t\t\t\t<\/div>\n\t\t\t\t<\/div>\n\t\t<div class=\"elementor-element elementor-element-cdbca12 e-con-full e-flex e-con e-parent\" data-id=\"cdbca12\" data-element_type=\"container\" data-e-type=\"container\">\n\t\t<div class=\"elementor-element elementor-element-cc21b80 e-flex e-con-boxed e-con e-child\" data-id=\"cc21b80\" data-element_type=\"container\" data-e-type=\"container\">\n\t\t\t\t\t<div class=\"e-con-inner\">\n\t\t<div class=\"elementor-element elementor-element-876024c e-grid e-con-full e-con e-child\" data-id=\"876024c\" data-element_type=\"container\" data-e-type=\"container\">\n\t\t<div class=\"elementor-element elementor-element-7694fdc e-con-full e-flex e-con e-child\" data-id=\"7694fdc\" data-element_type=\"container\" data-e-type=\"container\">\n\t\t\t\t<div class=\"elementor-element elementor-element-c6b0b46 elementor-widget__width-initial elementor-widget elementor-widget-konte-heading\" data-id=\"c6b0b46\" data-element_type=\"widget\" data-e-type=\"widget\" data-widget_type=\"konte-heading.default\">\n\t\t\t\t<div class=\"elementor-widget-container\">\n\t\t\t\t\t<div class=\"konte-heading-title konte-heading-title--default\">Creando soluciones a medida para espacios \u00fanicos<\/div>\t\t\t\t<\/div>\n\t\t\t\t<\/div>\n\t\t\t\t<\/div>\n\t\t<div class=\"elementor-element elementor-element-5c0c153 e-con-full e-flex e-con e-child\" data-id=\"5c0c153\" data-element_type=\"container\" data-e-type=\"container\">\n\t\t\t\t<div class=\"elementor-element elementor-element-ea58276 elementor-widget elementor-widget-text-editor\" data-id=\"ea58276\" data-element_type=\"widget\" data-e-type=\"widget\" data-widget_type=\"text-editor.default\">\n\t\t\t\t\t\t\t\t\t<p>Colaboramos de cerca con nuestros clientes para dar forma a proyectos que reflejan precisi\u00f3n, calidad y el car\u00e1cter del trabajo hecho a mano. Desde la primera idea hasta la pieza final, cuidamos cada detalle para dar vida a proyectos con alma, en cualquier lugar del mundo.<\/p>\t\t\t\t\t\t\t\t<\/div>\n\t\t\t\t<\/div>\n\t\t\t\t<\/div>\n\t\t\t\t\t<\/div>\n\t\t\t\t<\/div>\n\t\t\t\t<\/div>\n\t\t<div class=\"elementor-element elementor-element-3f22ff3 e-con-full e-flex e-con e-parent\" data-id=\"3f22ff3\" data-element_type=\"container\" data-e-type=\"container\">\n\t\t<div class=\"elementor-element elementor-element-899e1da e-flex e-con-boxed e-con e-child\" data-id=\"899e1da\" data-element_type=\"container\" data-e-type=\"container\">\n\t\t\t\t\t<div class=\"e-con-inner\">\n\t\t<div class=\"elementor-element elementor-element-64c9564 e-grid e-con-full e-con e-child\" data-id=\"64c9564\" data-element_type=\"container\" data-e-type=\"container\">\n\t\t<div class=\"elementor-element elementor-element-a424812 e-con-full e-flex e-con e-child\" data-id=\"a424812\" data-element_type=\"container\" data-e-type=\"container\">\n\t\t<div class=\"elementor-element elementor-element-cec954d e-con-full e-flex e-con e-child\" data-id=\"cec954d\" data-element_type=\"container\" data-e-type=\"container\">\n\t\t\t\t<div class=\"elementor-element elementor-element-a6e5e6f elementor-widget elementor-widget-image\" data-id=\"a6e5e6f\" data-element_type=\"widget\" data-e-type=\"widget\" data-widget_type=\"image.default\">\n\t\t\t\t\t\t\t\t\t\t\t\t\t\t\t\t<a href=\"https:\/\/ente.mx\/houston-beverly-hill\/\">\n\t\t\t\t\t\t\t<img fetchpriority=\"high\" decoding=\"async\" width=\"2547\" height=\"1238\" src=\"https:\/\/ente.mx\/wp-content\/uploads\/2026\/01\/ALC.jpg\" class=\"attachment-full size-full wp-image-8746\" alt=\"\" srcset=\"https:\/\/ente.mx\/wp-content\/uploads\/2026\/01\/ALC.jpg 2547w, https:\/\/ente.mx\/wp-content\/smush-webp\/2026\/01\/ALC-840x408.jpg.webp 840w\" sizes=\"(max-width: 2547px) 100vw, 2547px\" data-smush-webp-fallback=\"{&quot;srcset&quot;:&quot;https:\\\/\\\/ente.mx\\\/wp-content\\\/uploads\\\/2026\\\/01\\\/ALC.jpg 2547w, https:\\\/\\\/ente.mx\\\/wp-content\\\/uploads\\\/2026\\\/01\\\/ALC-840x408.jpg 840w&quot;}\" \/>\t\t\t\t\t\t\t\t<\/a>\n\t\t\t\t\t\t\t\t\t\t\t\t\t\t\t<\/div>\n\t\t\t\t<\/div>\n\t\t<div class=\"elementor-element elementor-element-7cb27c0 e-con-full e-flex e-con e-child\" data-id=\"7cb27c0\" data-element_type=\"container\" data-e-type=\"container\">\n\t\t\t\t<div class=\"elementor-element elementor-element-3d8e8d3 elementor-widget elementor-widget-heading\" data-id=\"3d8e8d3\" data-element_type=\"widget\" data-e-type=\"widget\" data-widget_type=\"heading.default\">\n\t\t\t\t\t<div class=\"elementor-heading-title elementor-size-default\"><a href=\"https:\/\/ente.mx\/houston-beverly-hill\/\">A.L.C  Houston &amp; Beverly Hill<\/a><\/div>\t\t\t\t<\/div>\n\t\t\t\t<\/div>\n\t\t\t\t<\/div>\n\t\t\t\t<\/div>\n\t\t\t\t\t<\/div>\n\t\t\t\t<\/div>\n\t\t\t\t<\/div>\n\t\t\t\t<\/div>\n\t\t","protected":false},"excerpt":{"rendered":"<p>Retail Creando soluciones a medida para espacios \u00fanicos Colaboramos de cerca con nuestros clientes para dar forma a proyectos que reflejan precisi\u00f3n, calidad y el car\u00e1cter del trabajo hecho a&hellip;<\/p>\n","protected":false},"author":1,"featured_media":0,"parent":6146,"menu_order":0,"comment_status":"closed","ping_status":"closed","template":"elementor_header_footer","meta":{"_joinchat":[],"footnotes":""},"class_list":["post-8726","page","type-page","status-publish","hentry"],"_links":{"self":[{"href":"https:\/\/ente.mx\/en\/wp-json\/wp\/v2\/pages\/8726","targetHints":{"allow":["GET"]}}],"collection":[{"href":"https:\/\/ente.mx\/en\/wp-json\/wp\/v2\/pages"}],"about":[{"href":"https:\/\/ente.mx\/en\/wp-json\/wp\/v2\/types\/page"}],"author":[{"embeddable":true,"href":"https:\/\/ente.mx\/en\/wp-json\/wp\/v2\/users\/1"}],"replies":[{"embeddable":true,"href":"https:\/\/ente.mx\/en\/wp-json\/wp\/v2\/comments?post=8726"}],"version-history":[{"count":11,"href":"https:\/\/ente.mx\/en\/wp-json\/wp\/v2\/pages\/8726\/revisions"}],"predecessor-version":[{"id":8747,"href":"https:\/\/ente.mx\/en\/wp-json\/wp\/v2\/pages\/8726\/revisions\/8747"}],"up":[{"embeddable":true,"href":"https:\/\/ente.mx\/en\/wp-json\/wp\/v2\/pages\/6146"}],"wp:attachment":[{"href":"https:\/\/ente.mx\/en\/wp-json\/wp\/v2\/media?parent=8726"}],"curies":[{"name":"wp","href":"https:\/\/api.w.org\/{rel}","templated":true}]}}