{"id":8710,"date":"2026-02-17T11:10:54","date_gmt":"2026-02-17T17:10:54","guid":{"rendered":"https:\/\/ente.mx\/projects\/residencial\/"},"modified":"2026-02-17T11:48:43","modified_gmt":"2026-02-17T17:48:43","slug":"residential","status":"publish","type":"page","link":"https:\/\/ente.mx\/en\/projects\/residential\/","title":{"rendered":"Residential"},"content":{"rendered":"\t\t<div data-elementor-type=\"wp-page\" data-elementor-id=\"8710\" class=\"elementor elementor-8710 elementor-8648\" data-elementor-post-type=\"page\">\n\t\t\t\t<div class=\"elementor-element elementor-element-ffcb3ca e-con-full e-flex e-con e-parent\" data-id=\"ffcb3ca\" data-element_type=\"container\" data-e-type=\"container\">\n\t\t<div class=\"elementor-element elementor-element-57e023c e-con-full e-flex e-con e-child\" data-id=\"57e023c\" data-element_type=\"container\" data-e-type=\"container\">\n\t\t<div class=\"elementor-element elementor-element-65a84cf e-con-full e-flex e-con e-child\" data-id=\"65a84cf\" data-element_type=\"container\" data-e-type=\"container\" data-settings=\"{&quot;background_background&quot;:&quot;classic&quot;}\">\n\t\t\t\t<div class=\"elementor-element elementor-element-774f597 elementor-widget elementor-widget-heading\" data-id=\"774f597\" data-element_type=\"widget\" data-e-type=\"widget\" data-widget_type=\"heading.default\">\n\t\t\t\t\t<div class=\"elementor-heading-title elementor-size-default\">Residential<\/div>\t\t\t\t<\/div>\n\t\t\t\t<div class=\"elementor-element elementor-element-ee0438b elementor-widget elementor-widget-woocommerce-breadcrumb\" data-id=\"ee0438b\" data-element_type=\"widget\" data-e-type=\"widget\" data-widget_type=\"woocommerce-breadcrumb.default\">\n\t\t\t\t\t<nav class=\"woocommerce-breadcrumb breadcrumbs\">Home<\/nav>\t\t\t\t<\/div>\n\t\t\t\t<\/div>\n\t\t\t\t<\/div>\n\t\t\t\t<\/div>\n\t\t<div class=\"elementor-element elementor-element-cdbca12 e-con-full e-flex e-con e-parent\" data-id=\"cdbca12\" data-element_type=\"container\" data-e-type=\"container\">\n\t\t<div class=\"elementor-element elementor-element-cc21b80 e-flex e-con-boxed e-con e-child\" data-id=\"cc21b80\" data-element_type=\"container\" data-e-type=\"container\">\n\t\t\t\t\t<div class=\"e-con-inner\">\n\t\t<div class=\"elementor-element elementor-element-876024c e-grid e-con-full e-con e-child\" data-id=\"876024c\" data-element_type=\"container\" data-e-type=\"container\">\n\t\t<div class=\"elementor-element elementor-element-7694fdc e-con-full e-flex e-con e-child\" data-id=\"7694fdc\" data-element_type=\"container\" data-e-type=\"container\">\n\t\t\t\t<div class=\"elementor-element elementor-element-c6b0b46 elementor-widget__width-initial elementor-widget elementor-widget-konte-heading\" data-id=\"c6b0b46\" data-element_type=\"widget\" data-e-type=\"widget\" data-widget_type=\"konte-heading.default\">\n\t\t\t\t<div class=\"elementor-widget-container\">\n\t\t\t\t\t<div class=\"konte-heading-title konte-heading-title--default\">Creando soluciones a medida para espacios \u00fanicos<\/div>\t\t\t\t<\/div>\n\t\t\t\t<\/div>\n\t\t\t\t<\/div>\n\t\t<div class=\"elementor-element elementor-element-5c0c153 e-con-full e-flex e-con e-child\" data-id=\"5c0c153\" data-element_type=\"container\" data-e-type=\"container\">\n\t\t\t\t<div class=\"elementor-element elementor-element-ea58276 elementor-widget elementor-widget-text-editor\" data-id=\"ea58276\" data-element_type=\"widget\" data-e-type=\"widget\" data-widget_type=\"text-editor.default\">\n\t\t\t\t\t\t\t\t\t<p>Colaboramos de cerca con nuestros clientes para dar forma a proyectos que reflejan precisi\u00f3n, calidad y el car\u00e1cter del trabajo hecho a mano. Desde la primera idea hasta la pieza final, cuidamos cada detalle para dar vida a proyectos con alma, en cualquier lugar del mundo.<\/p>\t\t\t\t\t\t\t\t<\/div>\n\t\t\t\t<\/div>\n\t\t\t\t<\/div>\n\t\t\t\t\t<\/div>\n\t\t\t\t<\/div>\n\t\t\t\t<\/div>\n\t\t<div class=\"elementor-element elementor-element-3f22ff3 e-con-full e-flex e-con e-parent\" data-id=\"3f22ff3\" data-element_type=\"container\" data-e-type=\"container\">\n\t\t<div class=\"elementor-element elementor-element-899e1da e-flex e-con-boxed e-con e-child\" data-id=\"899e1da\" data-element_type=\"container\" data-e-type=\"container\">\n\t\t\t\t\t<div class=\"e-con-inner\">\n\t\t<div class=\"elementor-element elementor-element-64c9564 e-grid e-con-full e-con e-child\" data-id=\"64c9564\" data-element_type=\"container\" data-e-type=\"container\">\n\t\t<div class=\"elementor-element elementor-element-a424812 e-con-full e-flex e-con e-child\" data-id=\"a424812\" data-element_type=\"container\" data-e-type=\"container\">\n\t\t<div class=\"elementor-element elementor-element-cec954d e-con-full e-flex e-con e-child\" data-id=\"cec954d\" data-element_type=\"container\" data-e-type=\"container\">\n\t\t\t\t<div class=\"elementor-element elementor-element-a6e5e6f elementor-widget elementor-widget-image\" data-id=\"a6e5e6f\" data-element_type=\"widget\" data-e-type=\"widget\" data-widget_type=\"image.default\">\n\t\t\t\t\t\t\t\t\t\t\t\t\t\t\t\t<a href=\"https:\/\/ente.mx\/en\/royal\/\">\n\t\t\t\t\t\t\t<img fetchpriority=\"high\" decoding=\"async\" width=\"2547\" height=\"1238\" src=\"https:\/\/ente.mx\/wp-content\/smush-webp\/2026\/02\/Royal.jpg.webp\" class=\"attachment-full size-full wp-image-8065\" alt=\"\" srcset=\"https:\/\/ente.mx\/wp-content\/smush-webp\/2026\/02\/Royal.jpg.webp 2547w, https:\/\/ente.mx\/wp-content\/smush-webp\/2026\/02\/Royal-840x408.jpg.webp 840w\" sizes=\"(max-width: 2547px) 100vw, 2547px\" data-smush-webp-fallback=\"{&quot;src&quot;:&quot;https:\\\/\\\/ente.mx\\\/wp-content\\\/uploads\\\/2026\\\/02\\\/Royal.jpg&quot;,&quot;srcset&quot;:&quot;https:\\\/\\\/ente.mx\\\/wp-content\\\/uploads\\\/2026\\\/02\\\/Royal.jpg 2547w, https:\\\/\\\/ente.mx\\\/wp-content\\\/uploads\\\/2026\\\/02\\\/Royal-840x408.jpg 840w&quot;}\" \/>\t\t\t\t\t\t\t\t<\/a>\n\t\t\t\t\t\t\t\t\t\t\t\t\t\t\t<\/div>\n\t\t\t\t<\/div>\n\t\t<div class=\"elementor-element elementor-element-7cb27c0 e-con-full e-flex e-con e-child\" data-id=\"7cb27c0\" data-element_type=\"container\" data-e-type=\"container\">\n\t\t\t\t<div class=\"elementor-element elementor-element-3d8e8d3 elementor-widget elementor-widget-heading\" data-id=\"3d8e8d3\" data-element_type=\"widget\" data-e-type=\"widget\" data-widget_type=\"heading.default\">\n\t\t\t\t\t<div class=\"elementor-heading-title elementor-size-default\"><a href=\"https:\/\/ente.mx\/en\/royal\/\">Royal<\/a><\/div>\t\t\t\t<\/div>\n\t\t\t\t<\/div>\n\t\t\t\t<\/div>\n\t\t<div class=\"elementor-element elementor-element-bb6b182 e-con-full e-flex e-con e-child\" data-id=\"bb6b182\" data-element_type=\"container\" data-e-type=\"container\">\n\t\t<div class=\"elementor-element elementor-element-2664b25 e-con-full e-flex e-con e-child\" data-id=\"2664b25\" data-element_type=\"container\" data-e-type=\"container\">\n\t\t\t\t<div class=\"elementor-element elementor-element-6c3d57f elementor-widget elementor-widget-image\" data-id=\"6c3d57f\" data-element_type=\"widget\" data-e-type=\"widget\" data-widget_type=\"image.default\">\n\t\t\t\t\t\t\t\t\t\t\t\t\t\t\t\t<a href=\"https:\/\/ente.mx\/en\/mimbres\/\">\n\t\t\t\t\t\t\t<img decoding=\"async\" width=\"2547\" height=\"1238\" data-src=\"https:\/\/ente.mx\/wp-content\/uploads\/2026\/01\/MIMBRES.jpg\" class=\"attachment-full size-full wp-image-6975 lazyload\" alt=\"\" data-srcset=\"https:\/\/ente.mx\/wp-content\/uploads\/2026\/01\/MIMBRES.jpg 2547w, https:\/\/ente.mx\/wp-content\/uploads\/2026\/01\/MIMBRES-840x408.jpg 840w\" data-sizes=\"(max-width: 2547px) 100vw, 2547px\" src=\"data:image\/svg+xml;base64,PHN2ZyB3aWR0aD0iMSIgaGVpZ2h0PSIxIiB4bWxucz0iaHR0cDovL3d3dy53My5vcmcvMjAwMC9zdmciPjwvc3ZnPg==\" style=\"--smush-placeholder-width: 2547px; --smush-placeholder-aspect-ratio: 2547\/1238;\" \/>\t\t\t\t\t\t\t\t<\/a>\n\t\t\t\t\t\t\t\t\t\t\t\t\t\t\t<\/div>\n\t\t\t\t<\/div>\n\t\t<div class=\"elementor-element elementor-element-9369b85 e-con-full e-flex e-con e-child\" data-id=\"9369b85\" data-element_type=\"container\" data-e-type=\"container\">\n\t\t\t\t<div class=\"elementor-element elementor-element-e927527 elementor-widget elementor-widget-heading\" data-id=\"e927527\" data-element_type=\"widget\" data-e-type=\"widget\" data-widget_type=\"heading.default\">\n\t\t\t\t\t<div class=\"elementor-heading-title elementor-size-default\"><a href=\"https:\/\/ente.mx\/en\/mimbres\/\">Mimbres<\/a><\/div>\t\t\t\t<\/div>\n\t\t\t\t<\/div>\n\t\t\t\t<\/div>\n\t\t<div class=\"elementor-element elementor-element-0f85e52 e-con-full e-flex e-con e-child\" data-id=\"0f85e52\" data-element_type=\"container\" data-e-type=\"container\">\n\t\t<div class=\"elementor-element elementor-element-76fe6e5 e-con-full e-flex e-con e-child\" data-id=\"76fe6e5\" data-element_type=\"container\" data-e-type=\"container\">\n\t\t\t\t<div class=\"elementor-element elementor-element-312af09 elementor-widget elementor-widget-image\" data-id=\"312af09\" data-element_type=\"widget\" data-e-type=\"widget\" data-widget_type=\"image.default\">\n\t\t\t\t\t\t\t\t\t\t\t\t\t\t\t\t<a href=\"https:\/\/ente.mx\/en\/rio-escondido\/\">\n\t\t\t\t\t\t\t<img decoding=\"async\" width=\"2547\" height=\"1238\" data-src=\"https:\/\/ente.mx\/wp-content\/uploads\/2026\/01\/Rio-Escondido.jpg\" class=\"attachment-full size-full wp-image-6981 lazyload\" alt=\"\" data-srcset=\"https:\/\/ente.mx\/wp-content\/uploads\/2026\/01\/Rio-Escondido.jpg 2547w, https:\/\/ente.mx\/wp-content\/uploads\/2026\/01\/Rio-Escondido-840x408.jpg 840w\" data-sizes=\"(max-width: 2547px) 100vw, 2547px\" src=\"data:image\/svg+xml;base64,PHN2ZyB3aWR0aD0iMSIgaGVpZ2h0PSIxIiB4bWxucz0iaHR0cDovL3d3dy53My5vcmcvMjAwMC9zdmciPjwvc3ZnPg==\" style=\"--smush-placeholder-width: 2547px; --smush-placeholder-aspect-ratio: 2547\/1238;\" \/>\t\t\t\t\t\t\t\t<\/a>\n\t\t\t\t\t\t\t\t\t\t\t\t\t\t\t<\/div>\n\t\t\t\t<\/div>\n\t\t<div class=\"elementor-element elementor-element-57e29ec e-con-full e-flex e-con e-child\" data-id=\"57e29ec\" data-element_type=\"container\" data-e-type=\"container\">\n\t\t\t\t<div class=\"elementor-element elementor-element-92dd72e elementor-widget elementor-widget-heading\" data-id=\"92dd72e\" data-element_type=\"widget\" data-e-type=\"widget\" data-widget_type=\"heading.default\">\n\t\t\t\t\t<div class=\"elementor-heading-title elementor-size-default\"><a href=\"https:\/\/ente.mx\/en\/rio-escondido\/\">R\u00edo Escondido<\/a><\/div>\t\t\t\t<\/div>\n\t\t\t\t<\/div>\n\t\t\t\t<\/div>\n\t\t<div class=\"elementor-element elementor-element-5bab856 e-con-full e-flex e-con e-child\" data-id=\"5bab856\" data-element_type=\"container\" data-e-type=\"container\">\n\t\t<div class=\"elementor-element elementor-element-d03c39f e-con-full e-flex e-con e-child\" data-id=\"d03c39f\" data-element_type=\"container\" data-e-type=\"container\">\n\t\t\t\t<div class=\"elementor-element elementor-element-492255d elementor-widget elementor-widget-image\" data-id=\"492255d\" data-element_type=\"widget\" data-e-type=\"widget\" data-widget_type=\"image.default\">\n\t\t\t\t\t\t\t\t\t\t\t\t\t\t\t\t<a href=\"https:\/\/ente.mx\/en\/bosques\/\">\n\t\t\t\t\t\t\t<img decoding=\"async\" width=\"2547\" height=\"1238\" data-src=\"https:\/\/ente.mx\/wp-content\/uploads\/2026\/01\/BOSQUES.jpg\" class=\"attachment-full size-full wp-image-6999 lazyload\" alt=\"\" data-srcset=\"https:\/\/ente.mx\/wp-content\/uploads\/2026\/01\/BOSQUES.jpg 2547w, https:\/\/ente.mx\/wp-content\/uploads\/2026\/01\/BOSQUES-840x408.jpg 840w\" data-sizes=\"(max-width: 2547px) 100vw, 2547px\" src=\"data:image\/svg+xml;base64,PHN2ZyB3aWR0aD0iMSIgaGVpZ2h0PSIxIiB4bWxucz0iaHR0cDovL3d3dy53My5vcmcvMjAwMC9zdmciPjwvc3ZnPg==\" style=\"--smush-placeholder-width: 2547px; --smush-placeholder-aspect-ratio: 2547\/1238;\" \/>\t\t\t\t\t\t\t\t<\/a>\n\t\t\t\t\t\t\t\t\t\t\t\t\t\t\t<\/div>\n\t\t\t\t<\/div>\n\t\t<div class=\"elementor-element elementor-element-b6f72e8 e-con-full e-flex e-con e-child\" data-id=\"b6f72e8\" data-element_type=\"container\" data-e-type=\"container\">\n\t\t\t\t<div class=\"elementor-element elementor-element-9db2108 elementor-widget elementor-widget-heading\" data-id=\"9db2108\" data-element_type=\"widget\" data-e-type=\"widget\" data-widget_type=\"heading.default\">\n\t\t\t\t\t<div class=\"elementor-heading-title elementor-size-default\"><a href=\"https:\/\/ente.mx\/en\/bosques\/\">Bosques<\/a><\/div>\t\t\t\t<\/div>\n\t\t\t\t<\/div>\n\t\t\t\t<\/div>\n\t\t<div class=\"elementor-element elementor-element-ecf5351 e-con-full e-flex e-con e-child\" data-id=\"ecf5351\" data-element_type=\"container\" data-e-type=\"container\">\n\t\t<div class=\"elementor-element elementor-element-b97073c e-con-full e-flex e-con e-child\" data-id=\"b97073c\" data-element_type=\"container\" data-e-type=\"container\">\n\t\t\t\t<div class=\"elementor-element elementor-element-3fb4b93 elementor-widget elementor-widget-image\" data-id=\"3fb4b93\" data-element_type=\"widget\" data-e-type=\"widget\" data-widget_type=\"image.default\">\n\t\t\t\t\t\t\t\t\t\t\t\t\t\t\t\t<a href=\"https:\/\/ente.mx\/en\/mexico-city\/\">\n\t\t\t\t\t\t\t<img decoding=\"async\" width=\"2547\" height=\"1238\" data-src=\"https:\/\/ente.mx\/wp-content\/uploads\/2026\/01\/Casa-CDMX.jpg\" class=\"attachment-full size-full wp-image-6952 lazyload\" alt=\"\" data-srcset=\"https:\/\/ente.mx\/wp-content\/uploads\/2026\/01\/Casa-CDMX.jpg 2547w, https:\/\/ente.mx\/wp-content\/smush-webp\/2026\/01\/Casa-CDMX-840x408.jpg.webp 840w\" data-sizes=\"(max-width: 2547px) 100vw, 2547px\" src=\"data:image\/svg+xml;base64,PHN2ZyB3aWR0aD0iMSIgaGVpZ2h0PSIxIiB4bWxucz0iaHR0cDovL3d3dy53My5vcmcvMjAwMC9zdmciPjwvc3ZnPg==\" style=\"--smush-placeholder-width: 2547px; --smush-placeholder-aspect-ratio: 2547\/1238;\" data-smush-webp-fallback=\"{&quot;data-srcset&quot;:&quot;https:\\\/\\\/ente.mx\\\/wp-content\\\/uploads\\\/2026\\\/01\\\/Casa-CDMX.jpg 2547w, https:\\\/\\\/ente.mx\\\/wp-content\\\/uploads\\\/2026\\\/01\\\/Casa-CDMX-840x408.jpg 840w&quot;}\" \/>\t\t\t\t\t\t\t\t<\/a>\n\t\t\t\t\t\t\t\t\t\t\t\t\t\t\t<\/div>\n\t\t\t\t<\/div>\n\t\t<div class=\"elementor-element elementor-element-ec45553 e-con-full e-flex e-con e-child\" data-id=\"ec45553\" data-element_type=\"container\" data-e-type=\"container\">\n\t\t\t\t<div class=\"elementor-element elementor-element-c280822 elementor-widget elementor-widget-heading\" data-id=\"c280822\" data-element_type=\"widget\" data-e-type=\"widget\" data-widget_type=\"heading.default\">\n\t\t\t\t\t<div class=\"elementor-heading-title elementor-size-default\"><a href=\"https:\/\/ente.mx\/en\/mexico-city\/\">Ciudad de M\u00e9xico<\/a><\/div>\t\t\t\t<\/div>\n\t\t\t\t<\/div>\n\t\t\t\t<\/div>\n\t\t<div class=\"elementor-element elementor-element-28ffcdb e-con-full e-flex e-con e-child\" data-id=\"28ffcdb\" data-element_type=\"container\" data-e-type=\"container\">\n\t\t<div class=\"elementor-element elementor-element-74046d6 e-con-full e-flex e-con e-child\" data-id=\"74046d6\" data-element_type=\"container\" data-e-type=\"container\">\n\t\t\t\t<div class=\"elementor-element elementor-element-2283eda elementor-widget elementor-widget-image\" data-id=\"2283eda\" data-element_type=\"widget\" data-e-type=\"widget\" data-widget_type=\"image.default\">\n\t\t\t\t\t\t\t\t\t\t\t\t\t\t\t\t<a href=\"https:\/\/ente.mx\/en\/atalaya\/\">\n\t\t\t\t\t\t\t<img decoding=\"async\" width=\"2547\" height=\"1238\" data-src=\"https:\/\/ente.mx\/wp-content\/uploads\/2026\/01\/ATALAYA.jpg\" class=\"attachment-full size-full wp-image-7006 lazyload\" alt=\"\" data-srcset=\"https:\/\/ente.mx\/wp-content\/uploads\/2026\/01\/ATALAYA.jpg 2547w, https:\/\/ente.mx\/wp-content\/uploads\/2026\/01\/ATALAYA-840x408.jpg 840w\" data-sizes=\"(max-width: 2547px) 100vw, 2547px\" src=\"data:image\/svg+xml;base64,PHN2ZyB3aWR0aD0iMSIgaGVpZ2h0PSIxIiB4bWxucz0iaHR0cDovL3d3dy53My5vcmcvMjAwMC9zdmciPjwvc3ZnPg==\" style=\"--smush-placeholder-width: 2547px; --smush-placeholder-aspect-ratio: 2547\/1238;\" \/>\t\t\t\t\t\t\t\t<\/a>\n\t\t\t\t\t\t\t\t\t\t\t\t\t\t\t<\/div>\n\t\t\t\t<\/div>\n\t\t<div class=\"elementor-element elementor-element-976493a e-con-full e-flex e-con e-child\" data-id=\"976493a\" data-element_type=\"container\" data-e-type=\"container\">\n\t\t\t\t<div class=\"elementor-element elementor-element-7b20d81 elementor-widget elementor-widget-heading\" data-id=\"7b20d81\" data-element_type=\"widget\" data-e-type=\"widget\" data-widget_type=\"heading.default\">\n\t\t\t\t\t<div class=\"elementor-heading-title elementor-size-default\"><a href=\"https:\/\/ente.mx\/en\/atalaya\/\">Atalaya<\/a><\/div>\t\t\t\t<\/div>\n\t\t\t\t<\/div>\n\t\t\t\t<\/div>\n\t\t<div class=\"elementor-element elementor-element-2f7130e e-con-full e-flex e-con e-child\" data-id=\"2f7130e\" data-element_type=\"container\" data-e-type=\"container\">\n\t\t<div class=\"elementor-element elementor-element-99f2cc6 e-con-full e-flex e-con e-child\" data-id=\"99f2cc6\" data-element_type=\"container\" data-e-type=\"container\">\n\t\t\t\t<div class=\"elementor-element elementor-element-6666741 elementor-widget elementor-widget-image\" data-id=\"6666741\" data-element_type=\"widget\" data-e-type=\"widget\" data-widget_type=\"image.default\">\n\t\t\t\t\t\t\t\t\t\t\t\t\t\t\t\t<a href=\"https:\/\/ente.mx\/en\/careyes\/\">\n\t\t\t\t\t\t\t<img decoding=\"async\" width=\"2547\" height=\"1238\" data-src=\"https:\/\/ente.mx\/wp-content\/uploads\/2026\/01\/Carreyes.jpg\" class=\"attachment-full size-full wp-image-6992 lazyload\" alt=\"\" data-srcset=\"https:\/\/ente.mx\/wp-content\/uploads\/2026\/01\/Carreyes.jpg 2547w, https:\/\/ente.mx\/wp-content\/uploads\/2026\/01\/Carreyes-840x408.jpg 840w\" data-sizes=\"(max-width: 2547px) 100vw, 2547px\" src=\"data:image\/svg+xml;base64,PHN2ZyB3aWR0aD0iMSIgaGVpZ2h0PSIxIiB4bWxucz0iaHR0cDovL3d3dy53My5vcmcvMjAwMC9zdmciPjwvc3ZnPg==\" style=\"--smush-placeholder-width: 2547px; --smush-placeholder-aspect-ratio: 2547\/1238;\" \/>\t\t\t\t\t\t\t\t<\/a>\n\t\t\t\t\t\t\t\t\t\t\t\t\t\t\t<\/div>\n\t\t\t\t<\/div>\n\t\t<div class=\"elementor-element elementor-element-9e502cb e-con-full e-flex e-con e-child\" data-id=\"9e502cb\" data-element_type=\"container\" data-e-type=\"container\">\n\t\t\t\t<div class=\"elementor-element elementor-element-3737c20 elementor-widget elementor-widget-heading\" data-id=\"3737c20\" data-element_type=\"widget\" data-e-type=\"widget\" data-widget_type=\"heading.default\">\n\t\t\t\t\t<div class=\"elementor-heading-title elementor-size-default\"><a href=\"https:\/\/ente.mx\/en\/careyes\/\">Careyes<\/a><\/div>\t\t\t\t<\/div>\n\t\t\t\t<\/div>\n\t\t\t\t<\/div>\n\t\t<div class=\"elementor-element elementor-element-b7bb781 e-con-full e-flex e-con e-child\" data-id=\"b7bb781\" data-element_type=\"container\" data-e-type=\"container\">\n\t\t<div class=\"elementor-element elementor-element-aeafa49 e-con-full e-flex e-con e-child\" data-id=\"aeafa49\" data-element_type=\"container\" data-e-type=\"container\">\n\t\t\t\t<div class=\"elementor-element elementor-element-d85e7fb elementor-widget elementor-widget-image\" data-id=\"d85e7fb\" data-element_type=\"widget\" data-e-type=\"widget\" data-widget_type=\"image.default\">\n\t\t\t\t\t\t\t\t\t\t\t\t\t\t\t\t<a href=\"https:\/\/ente.mx\/en\/lomas-altas\/\">\n\t\t\t\t\t\t\t<img decoding=\"async\" width=\"2547\" height=\"1238\" data-src=\"https:\/\/ente.mx\/wp-content\/uploads\/2026\/01\/Lomas-Altas.jpg\" class=\"attachment-full size-full wp-image-6966 lazyload\" alt=\"\" data-srcset=\"https:\/\/ente.mx\/wp-content\/uploads\/2026\/01\/Lomas-Altas.jpg 2547w, https:\/\/ente.mx\/wp-content\/uploads\/2026\/01\/Lomas-Altas-840x408.jpg 840w\" data-sizes=\"(max-width: 2547px) 100vw, 2547px\" src=\"data:image\/svg+xml;base64,PHN2ZyB3aWR0aD0iMSIgaGVpZ2h0PSIxIiB4bWxucz0iaHR0cDovL3d3dy53My5vcmcvMjAwMC9zdmciPjwvc3ZnPg==\" style=\"--smush-placeholder-width: 2547px; --smush-placeholder-aspect-ratio: 2547\/1238;\" \/>\t\t\t\t\t\t\t\t<\/a>\n\t\t\t\t\t\t\t\t\t\t\t\t\t\t\t<\/div>\n\t\t\t\t<\/div>\n\t\t<div class=\"elementor-element elementor-element-b8135f2 e-con-full e-flex e-con e-child\" data-id=\"b8135f2\" data-element_type=\"container\" data-e-type=\"container\">\n\t\t\t\t<div class=\"elementor-element elementor-element-3a0b30a elementor-widget elementor-widget-heading\" data-id=\"3a0b30a\" data-element_type=\"widget\" data-e-type=\"widget\" data-widget_type=\"heading.default\">\n\t\t\t\t\t<div class=\"elementor-heading-title elementor-size-default\"><a href=\"https:\/\/ente.mx\/en\/lomas-altas\/\">Lomas Altas<\/a><\/div>\t\t\t\t<\/div>\n\t\t\t\t<\/div>\n\t\t\t\t<\/div>\n\t\t\t\t<\/div>\n\t\t\t\t\t<\/div>\n\t\t\t\t<\/div>\n\t\t\t\t<\/div>\n\t\t\t\t<\/div>\n\t\t","protected":false},"excerpt":{"rendered":"<p>Residential Creando soluciones a medida para espacios \u00fanicos Colaboramos de cerca con nuestros clientes para dar forma a proyectos que reflejan precisi\u00f3n, calidad y el car\u00e1cter del trabajo hecho a&hellip;<\/p>\n","protected":false},"author":1,"featured_media":0,"parent":6146,"menu_order":0,"comment_status":"closed","ping_status":"closed","template":"elementor_header_footer","meta":{"_joinchat":[],"footnotes":""},"class_list":["post-8710","page","type-page","status-publish","hentry"],"_links":{"self":[{"href":"https:\/\/ente.mx\/en\/wp-json\/wp\/v2\/pages\/8710","targetHints":{"allow":["GET"]}}],"collection":[{"href":"https:\/\/ente.mx\/en\/wp-json\/wp\/v2\/pages"}],"about":[{"href":"https:\/\/ente.mx\/en\/wp-json\/wp\/v2\/types\/page"}],"author":[{"embeddable":true,"href":"https:\/\/ente.mx\/en\/wp-json\/wp\/v2\/users\/1"}],"replies":[{"embeddable":true,"href":"https:\/\/ente.mx\/en\/wp-json\/wp\/v2\/comments?post=8710"}],"version-history":[{"count":8,"href":"https:\/\/ente.mx\/en\/wp-json\/wp\/v2\/pages\/8710\/revisions"}],"predecessor-version":[{"id":8720,"href":"https:\/\/ente.mx\/en\/wp-json\/wp\/v2\/pages\/8710\/revisions\/8720"}],"up":[{"embeddable":true,"href":"https:\/\/ente.mx\/en\/wp-json\/wp\/v2\/pages\/6146"}],"wp:attachment":[{"href":"https:\/\/ente.mx\/en\/wp-json\/wp\/v2\/media?parent=8710"}],"curies":[{"name":"wp","href":"https:\/\/api.w.org\/{rel}","templated":true}]}}